{"id":112,"date":"2026-03-29T17:05:51","date_gmt":"2026-03-29T17:05:51","guid":{"rendered":"https:\/\/dimainteriores.pt\/?page_id=112"},"modified":"2026-04-09T15:29:55","modified_gmt":"2026-04-09T15:29:55","slug":"blog","status":"publish","type":"page","link":"https:\/\/dimainteriores.pt\/?page_id=112","title":{"rendered":"BLOG"},"content":{"rendered":"\t\t<div data-elementor-type=\"wp-page\" data-elementor-id=\"112\" class=\"elementor elementor-112\">\n\t\t\t\t<div class=\"elementor-element elementor-element-3a6e3f1 e-con-full e-flex wpr-particle-no wpr-jarallax-no wpr-parallax-no wpr-sticky-section-no e-con e-parent\" data-id=\"3a6e3f1\" data-element_type=\"container\" data-e-type=\"container\" data-settings=\"{&quot;background_background&quot;:&quot;classic&quot;}\">\n\t\t\t\t<div class=\"elementor-element elementor-element-0922fb8 elementor-widget__width-initial elementor-widget elementor-widget-image\" data-id=\"0922fb8\" data-element_type=\"widget\" data-e-type=\"widget\" data-widget_type=\"image.default\">\n\t\t\t\t\t\t\t\t\t\t\t\t\t\t\t\t<a href=\"http:\/\/www.dimainteriores.pt\">\n\t\t\t\t\t\t\t<img decoding=\"async\" src=\"https:\/\/dimainteriores.pt\/wp-content\/uploads\/2026\/03\/cropped-Captura-de-ecra-2026-03-30-as-00.02.35.png\" title=\"Dima Interiores\" alt=\"Dima Interiores\" loading=\"lazy\" \/>\t\t\t\t\t\t\t\t<\/a>\n\t\t\t\t\t\t\t\t\t\t\t\t\t\t\t<\/div>\n\t\t\t\t<div class=\"elementor-element elementor-element-037b93c elementor-widget__width-initial elementor-widget elementor-widget-ekit-nav-menu\" data-id=\"037b93c\" data-element_type=\"widget\" data-e-type=\"widget\" data-widget_type=\"ekit-nav-menu.default\">\n\t\t\t\t<div class=\"elementor-widget-container\">\n\t\t\t\t\t\t\t<nav class=\"ekit-wid-con ekit_menu_responsive_tablet\"\n\t\t\tdata-hamburger-icon=\"\"\n\t\t\tdata-hamburger-icon-type=\"icon\"\n\t\t\tdata-responsive-breakpoint=\"1024\">\n\t\t\t            <button class=\"elementskit-menu-hamburger elementskit-menu-toggler\"  type=\"button\" aria-label=\"hamburger-icon\">\n                                    <span class=\"elementskit-menu-hamburger-icon\"><\/span><span class=\"elementskit-menu-hamburger-icon\"><\/span><span class=\"elementskit-menu-hamburger-icon\"><\/span>\n                            <\/button>\n            <div id=\"ekit-megamenu-home\" class=\"elementskit-menu-container elementskit-menu-offcanvas-elements elementskit-navbar-nav-default ekit-nav-menu-one-page-yes ekit-nav-dropdown-hover\"><ul id=\"menu-home\" class=\"elementskit-navbar-nav elementskit-menu-po-left submenu-click-on-icon\"><li id=\"menu-item-129\" class=\"menu-item menu-item-type-post_type menu-item-object-page menu-item-has-children menu-item-129 nav-item elementskit-dropdown-has relative_position elementskit-dropdown-menu-default_width elementskit-mobile-builder-content\" data-vertical-menu=750px><a href=\"https:\/\/dimainteriores.pt\/?page_id=118\" class=\"ekit-menu-nav-link ekit-menu-dropdown-toggle\">CASAS<i aria-hidden=\"true\" class=\"icon icon-none elementskit-submenu-indicator\"><\/i><\/a>\n<ul class=\"elementskit-dropdown elementskit-submenu-panel\">\n\t<li id=\"menu-item-207\" class=\"menu-item menu-item-type-post_type menu-item-object-page menu-item-207 nav-item elementskit-mobile-builder-content\" data-vertical-menu=750px><a href=\"https:\/\/dimainteriores.pt\/?page_id=202\" class=\" dropdown-item\">PROJECTOS REMODELA\u00c7\u00c3O<\/a>\t<li id=\"menu-item-208\" class=\"menu-item menu-item-type-post_type menu-item-object-page menu-item-208 nav-item elementskit-mobile-builder-content\" data-vertical-menu=750px><a href=\"https:\/\/dimainteriores.pt\/?page_id=203\" class=\" dropdown-item\">CONSULTORIA PETFRIENDLY<\/a><\/ul>\n<\/li>\n<li id=\"menu-item-346\" class=\"menu-item menu-item-type-post_type menu-item-object-page menu-item-has-children menu-item-346 nav-item elementskit-dropdown-has relative_position elementskit-dropdown-menu-default_width elementskit-mobile-builder-content\" data-vertical-menu=750px><a href=\"https:\/\/dimainteriores.pt\/?page_id=338\" class=\"ekit-menu-nav-link ekit-menu-dropdown-toggle\">HOSPITALIDADE<i aria-hidden=\"true\" class=\"icon icon-none elementskit-submenu-indicator\"><\/i><\/a>\n<ul class=\"elementskit-dropdown elementskit-submenu-panel\">\n\t<li id=\"menu-item-345\" class=\"menu-item menu-item-type-post_type menu-item-object-page menu-item-345 nav-item elementskit-mobile-builder-content\" data-vertical-menu=750px><a href=\"https:\/\/dimainteriores.pt\/?page_id=340\" class=\" dropdown-item\">PROJECTOS COMERCIAIS<\/a>\t<li id=\"menu-item-344\" class=\"menu-item menu-item-type-post_type menu-item-object-page menu-item-344 nav-item elementskit-mobile-builder-content\" data-vertical-menu=750px><a href=\"https:\/\/dimainteriores.pt\/?page_id=342\" class=\" dropdown-item\">SESS\u00c3O DIAGON\u00d3STICO<\/a><\/ul>\n<\/li>\n<li id=\"menu-item-128\" class=\"menu-item menu-item-type-post_type menu-item-object-page menu-item-128 nav-item elementskit-mobile-builder-content\" data-vertical-menu=750px><a href=\"https:\/\/dimainteriores.pt\/?page_id=120\" class=\"ekit-menu-nav-link\">PROJECTOS<\/a><\/li>\n<li id=\"menu-item-116\" class=\"menu-item menu-item-type-post_type menu-item-object-page menu-item-116 nav-item elementskit-mobile-builder-content\" data-vertical-menu=750px><a href=\"https:\/\/dimainteriores.pt\/?page_id=112\" class=\"ekit-menu-nav-link\">BLOG<\/a><\/li>\n<li id=\"menu-item-126\" class=\"menu-item menu-item-type-post_type menu-item-object-page menu-item-126 nav-item elementskit-mobile-builder-content\" data-vertical-menu=750px><a href=\"https:\/\/dimainteriores.pt\/?page_id=124\" class=\"ekit-menu-nav-link\">CONTACTOS<\/a><\/li>\n<li id=\"menu-item-127\" class=\"menu-item menu-item-type-post_type menu-item-object-page menu-item-127 nav-item elementskit-mobile-builder-content\" data-vertical-menu=750px><a href=\"https:\/\/dimainteriores.pt\/?page_id=122\" class=\"ekit-menu-nav-link\">LOJA<\/a><\/li>\n<\/ul><div class=\"elementskit-nav-identity-panel\"><button class=\"elementskit-menu-close elementskit-menu-toggler\" type=\"button\">X<\/button><\/div><\/div>\n\t\t\t<div class=\"elementskit-menu-overlay elementskit-menu-offcanvas-elements elementskit-menu-toggler ekit-nav-menu--overlay\"><\/div>        <\/nav>\n\t\t\t\t\t\t<\/div>\n\t\t\t\t<\/div>\n\t\t\t\t<div class=\"elementor-element elementor-element-21c725b elementor-hidden-tablet elementor-hidden-mobile elementor-widget elementor-widget-elementskit-social-media\" data-id=\"21c725b\" data-element_type=\"widget\" data-e-type=\"widget\" data-widget_type=\"elementskit-social-media.default\">\n\t\t\t\t<div class=\"elementor-widget-container\">\n\t\t\t\t\t<div class=\"ekit-wid-con\" >\t\t\t <ul class=\"ekit_social_media\">\n\t\t\t\t\t\t\t\t\t\t\t\t\t\t<li class=\"elementor-repeater-item-98fdd10\">\n\t\t\t\t\t    <a\n\t\t\t\t\t\thref=\"https:\/\/www.linkedin.com\/in\/dianamartinsinteriores\/\" aria-label=\"LinkedIn\" class=\"linkedin\" >\n\t\t\t\t\t\t\t\n\t\t\t\t\t\t\t<svg class=\"ekit-svg-icon icon-linkedin\" viewBox=\"0 0 32 32\" xmlns=\"http:\/\/www.w3.org\/2000\/svg\"><path d=\"M3.846 0.427c-2.125 0-3.846 1.723-3.846 3.844 0 2.123 1.72 3.846 3.846 3.846 2.12 0 3.843-1.723 3.843-3.846 0-2.121-1.723-3.844-3.843-3.844zM0.529 11.034h6.632v21.338h-6.632v-21.338zM24.045 10.504c-3.226 0-5.389 1.769-6.275 3.446h-0.089v-2.916h-6.361v21.338h6.626v-10.556c0-2.783 0.53-5.478 3.98-5.478 3.401 0 3.446 3.183 3.446 5.657v10.377h6.627v-11.704c0-5.745-1.24-10.164-7.955-10.164z\"><\/path><\/svg>\n                                                                                                            <\/a>\n                    <\/li>\n                    \t\t\t\t\t\t\t\t\t\t\t\t\t\t<li class=\"elementor-repeater-item-e2aa959\">\n\t\t\t\t\t    <a\n\t\t\t\t\t\thref=\"https:\/\/www.instagram.com\/dimainteriores\/\" aria-label=\"Instagram\" class=\"1\" >\n\t\t\t\t\t\t\t\n\t\t\t\t\t\t\t<svg class=\"ekit-svg-icon icon-instagram-1\" viewBox=\"0 0 32 32\" xmlns=\"http:\/\/www.w3.org\/2000\/svg\"><path d=\"M31.969 9.408c-0.075-1.7-0.35-2.869-0.744-3.882-0.406-1.075-1.031-2.038-1.85-2.838-0.8-0.813-1.769-1.444-2.832-1.844-1.019-0.394-2.182-0.669-3.882-0.744-1.713-0.081-2.257-0.1-6.601-0.1s-4.888 0.019-6.595 0.094c-1.7 0.075-2.869 0.35-3.882 0.744-1.075 0.406-2.038 1.031-2.838 1.85-0.813 0.8-1.444 1.769-1.844 2.832-0.394 1.019-0.669 2.182-0.744 3.882-0.081 1.713-0.1 2.257-0.1 6.601s0.019 4.888 0.094 6.595c0.075 1.7 0.35 2.869 0.744 3.882 0.406 1.075 1.038 2.038 1.85 2.838 0.8 0.813 1.769 1.444 2.832 1.844 1.019 0.394 2.182 0.669 3.882 0.744 1.706 0.075 2.25 0.094 6.595 0.094s4.888-0.019 6.595-0.094c1.7-0.075 2.869-0.35 3.882-0.744 2.151-0.831 3.851-2.532 4.682-4.682 0.394-1.019 0.669-2.182 0.744-3.882 0.075-1.707 0.094-2.25 0.094-6.595s-0.006-4.888-0.081-6.595zM29.087 22.473c-0.069 1.563-0.331 2.407-0.55 2.969-0.538 1.394-1.644 2.5-3.038 3.038-0.563 0.219-1.413 0.481-2.969 0.55-1.688 0.075-2.194 0.094-6.464 0.094s-4.782-0.019-6.464-0.094c-1.563-0.069-2.407-0.331-2.969-0.55-0.694-0.256-1.325-0.663-1.838-1.194-0.531-0.519-0.938-1.144-1.194-1.838-0.219-0.563-0.481-1.413-0.55-2.969-0.075-1.688-0.094-2.194-0.094-6.464s0.019-4.782 0.094-6.464c0.069-1.563 0.331-2.407 0.55-2.969 0.256-0.694 0.663-1.325 1.2-1.838 0.519-0.531 1.144-0.938 1.838-1.194 0.563-0.219 1.413-0.481 2.969-0.55 1.688-0.075 2.194-0.094 6.464-0.094 4.276 0 4.782 0.019 6.464 0.094 1.563 0.069 2.407 0.331 2.969 0.55 0.694 0.256 1.325 0.662 1.838 1.194 0.531 0.519 0.938 1.144 1.194 1.838 0.219 0.563 0.481 1.413 0.55 2.969 0.075 1.688 0.094 2.194 0.094 6.464s-0.019 4.77-0.094 6.458z\"><\/path><path d=\"M16.059 7.783c-4.538 0-8.22 3.682-8.22 8.22s3.682 8.22 8.22 8.22c4.538 0 8.22-3.682 8.22-8.22s-3.682-8.22-8.22-8.22zM16.059 21.335c-2.944 0-5.332-2.388-5.332-5.332s2.388-5.332 5.332-5.332c2.944 0 5.332 2.388 5.332 5.332s-2.388 5.332-5.332 5.332z\"><\/path><path d=\"M26.524 7.458c0 1.060-0.859 1.919-1.919 1.919s-1.919-0.859-1.919-1.919c0-1.060 0.859-1.919 1.919-1.919s1.919 0.859 1.919 1.919z\"><\/path><\/svg>\n                                                                                                            <\/a>\n                    <\/li>\n                    \t\t\t\t\t\t\t\t\t\t\t\t\t\t<li class=\"elementor-repeater-item-1ee415e\">\n\t\t\t\t\t    <a\n\t\t\t\t\t\thref=\"https:\/\/pt.pinterest.com\/atelierdimainteriores\/\" aria-label=\"Pinterest\" class=\"pinterest\" >\n\t\t\t\t\t\t\t\n\t\t\t\t\t\t\t<svg aria-hidden=\"true\" class=\"e-font-icon-svg e-fab-pinterest\" viewBox=\"0 0 496 512\" xmlns=\"http:\/\/www.w3.org\/2000\/svg\"><path d=\"M496 256c0 137-111 248-248 248-25.6 0-50.2-3.9-73.4-11.1 10.1-16.5 25.2-43.5 30.8-65 3-11.6 15.4-59 15.4-59 8.1 15.4 31.7 28.5 56.8 28.5 74.8 0 128.7-68.8 128.7-154.3 0-81.9-66.9-143.2-152.9-143.2-107 0-163.9 71.8-163.9 150.1 0 36.4 19.4 81.7 50.3 96.1 4.7 2.2 7.2 1.2 8.3-3.3.8-3.4 5-20.3 6.9-28.1.6-2.5.3-4.7-1.7-7.1-10.1-12.5-18.3-35.3-18.3-56.6 0-54.7 41.4-107.6 112-107.6 60.9 0 103.6 41.5 103.6 100.9 0 67.1-33.9 113.6-78 113.6-24.3 0-42.6-20.1-36.7-44.8 7-29.5 20.5-61.3 20.5-82.6 0-19-10.2-34.9-31.4-34.9-24.9 0-44.9 25.7-44.9 60.2 0 22 7.4 36.8 7.4 36.8s-24.5 103.8-29 123.2c-5 21.4-3 51.6-.9 71.2C65.4 450.9 0 361.1 0 256 0 119 111 8 248 8s248 111 248 248z\"><\/path><\/svg>\n                                                                                                            <\/a>\n                    <\/li>\n                    \t\t\t\t\t\t\t<\/ul>\n\t\t<\/div>\t\t\t\t<\/div>\n\t\t\t\t<\/div>\n\t\t\t\t<\/div>\n\t\t<div class=\"elementor-element elementor-element-95fa524 e-flex e-con-boxed wpr-particle-no wpr-jarallax-no wpr-parallax-no wpr-sticky-section-no e-con e-parent\" data-id=\"95fa524\" data-element_type=\"container\" data-e-type=\"container\">\n\t\t\t\t\t<div class=\"e-con-inner\">\n\t\t\t\t<div class=\"elementor-element elementor-element-c72ce6b elementor-widget elementor-widget-elementskit-blog-posts\" data-id=\"c72ce6b\" data-element_type=\"widget\" data-e-type=\"widget\" data-widget_type=\"elementskit-blog-posts.default\">\n\t\t\t\t\t<div class=\"ekit-wid-con\" >        <div id=\"post-items--c72ce6b\" class=\"row post-items\">\n                    <div class=\"col-lg-6 col-md-6\">\n\n                                    <div class=\"elementskit-post-card\">\n                        <div class=\"elementskit-entry-header\">\n                            \n                            \n\t\t\t\t\t\t\t\n\t\t\t\t\t\t\t\t\t\t\t\t\t\t\t\t\t\t\t\t\t\t\t\t\t\t\t\t\t\t\n\t\t\t\t\t\t\t\t\n\t\t\t\t\t\t\t\t\t\t\t\t\t\t\t\t\t\t\t\t\t<h2 class=\"entry-title\">\n\t\t\t\t\t<a href=\"https:\/\/dimainteriores.pt\/?p=228\">\n\t\t\t\t\t\tO que deve saber antes de comprar casa\t\t\t\t\t<\/a>\n\t\t\t\t<\/h2>\n\t\t\t\n\t\t\t\t\t\t\t\t\t\t\t\t\t\t\t\t\t\t\t<span class=\"elementskit-border-hr\"><\/span>\n\t\t\t\t\t\t\t\t\t\t\t\t\t\t\t\t\t\t\t\t\t\t\t\t\t\t\t\t\t\t<\/div><!-- .elementskit-entry-header END -->\n\n\t\t\t\t\t\t<div class=\"elementskit-post-body \">\n\t\t\t\t\t\t\t\t\t\t\t\t\t\t\t\t\t\t\t\t\t\t\t\t\t\t\t\t\t\t\t\t\t\t\t\t\t\t\t\t\t\t\t\t\t\t\t\t\t\t\t\t\t                                                            <div class=\"btn-wraper\">\n                                    \n                                                                            <a class=\"elementskit-btn whitespace--normal\" id=\"\" href=\"https:\/\/dimainteriores.pt\/?p=228\">\n                                        \t                                            Learn more                                         <\/a>\n                                                                    <\/div>\n                                                    <\/div><!-- .elementskit-post-body END -->\n                    <\/div>\n                \n            <\/div>\n                <\/div>\n       <\/div>\t\t\t\t<\/div>\n\t\t\t\t\t<\/div>\n\t\t\t\t<\/div>\n\t\t\t\t<\/div>\n\t\t","protected":false},"excerpt":{"rendered":"<p>CASAS PROJECTOS REMODELA\u00c7\u00c3O CONSULTORIA PETFRIENDLY HOSPITALIDADE PROJECTOS COMERCIAIS SESS\u00c3O DIAGON\u00d3STICO PROJECTOS BLOG CONTACTOS LOJA X O que deve saber antes de comprar casa Learn more<\/p>\n","protected":false},"author":1,"featured_media":0,"parent":0,"menu_order":0,"comment_status":"closed","ping_status":"closed","template":"","meta":{"footnotes":""},"class_list":["post-112","page","type-page","status-publish","hentry"],"_links":{"self":[{"href":"https:\/\/dimainteriores.pt\/index.php?rest_route=\/wp\/v2\/pages\/112","targetHints":{"allow":["GET"]}}],"collection":[{"href":"https:\/\/dimainteriores.pt\/index.php?rest_route=\/wp\/v2\/pages"}],"about":[{"href":"https:\/\/dimainteriores.pt\/index.php?rest_route=\/wp\/v2\/types\/page"}],"author":[{"embeddable":true,"href":"https:\/\/dimainteriores.pt\/index.php?rest_route=\/wp\/v2\/users\/1"}],"replies":[{"embeddable":true,"href":"https:\/\/dimainteriores.pt\/index.php?rest_route=%2Fwp%2Fv2%2Fcomments&post=112"}],"version-history":[{"count":32,"href":"https:\/\/dimainteriores.pt\/index.php?rest_route=\/wp\/v2\/pages\/112\/revisions"}],"predecessor-version":[{"id":396,"href":"https:\/\/dimainteriores.pt\/index.php?rest_route=\/wp\/v2\/pages\/112\/revisions\/396"}],"wp:attachment":[{"href":"https:\/\/dimainteriores.pt\/index.php?rest_route=%2Fwp%2Fv2%2Fmedia&parent=112"}],"curies":[{"name":"wp","href":"https:\/\/api.w.org\/{rel}","templated":true}]}}